{"id":98,"date":"2023-07-10T17:03:17","date_gmt":"2023-07-10T20:03:17","guid":{"rendered":"https:\/\/www.morex.cl\/\/?post_type=product&#038;p=98"},"modified":"2023-11-13T09:23:05","modified_gmt":"2023-11-13T12:23:05","slug":"rack-hexa-server","status":"publish","type":"product","link":"https:\/\/www.morex.cl\/redes\/producto\/rack-hexa-server\/","title":{"rendered":"Rack Hexa Server"},"content":{"rendered":"[vc_row type=\u00bbin_container\u00bb full_screen_row_position=\u00bbmiddle\u00bb column_margin=\u00bbdefault\u00bb column_direction=\u00bbdefault\u00bb column_direction_tablet=\u00bbdefault\u00bb column_direction_phone=\u00bbdefault\u00bb scene_position=\u00bbcenter\u00bb text_color=\u00bbdark\u00bb text_align=\u00bbleft\u00bb row_border_radius=\u00bbnone\u00bb row_border_radius_applies=\u00bbbg\u00bb overflow=\u00bbvisible\u00bb id=\u00bbdescripcion\u00bb overlay_strength=\u00bb0.3&#8243; gradient_direction=\u00bbleft_to_right\u00bb shape_divider_position=\u00bbbottom\u00bb bg_image_animation=\u00bbnone\u00bb gradient_type=\u00bbdefault\u00bb shape_type=\u00bb\u00bb][vc_column column_padding=\u00bbno-extra-padding\u00bb column_padding_tablet=\u00bbinherit\u00bb column_padding_phone=\u00bbinherit\u00bb column_padding_position=\u00bball\u00bb column_element_direction_desktop=\u00bbdefault\u00bb column_element_spacing=\u00bbdefault\u00bb desktop_text_alignment=\u00bbdefault\u00bb tablet_text_alignment=\u00bbdefault\u00bb phone_text_alignment=\u00bbdefault\u00bb background_color_opacity=\u00bb1&#8243; background_hover_color_opacity=\u00bb1&#8243; column_backdrop_filter=\u00bbnone\u00bb column_shadow=\u00bbnone\u00bb column_border_radius=\u00bbnone\u00bb column_link_target=\u00bb_self\u00bb column_position=\u00bbdefault\u00bb gradient_direction=\u00bbleft_to_right\u00bb overlay_strength=\u00bb0.3&#8243; width=\u00bb2\/3&#8243; tablet_width_inherit=\u00bbdefault\u00bb animation_type=\u00bbdefault\u00bb bg_image_animation=\u00bbnone\u00bb border_type=\u00bbsimple\u00bb column_border_width=\u00bbnone\u00bb column_border_style=\u00bbsolid\u00bb][vc_column_text]\n<h4 class=\"p1\"><span class=\"s1\">Equipos que se pueden alojar: servidores, routers, conmutadores, cabeceras de fibra \u00f3ptica, equipos de almacenamiento, unidades de distribuci\u00f3n de energ\u00eda (PDU), UPS, consolas seriales y conmutadores KVM.<\/span><\/h4>\n[\/vc_column_text][vc_column_text]\n<h5 style=\"color: #ffffff; text-align: left;\"><span style=\"background: #0de05d; padding: 5px 10px;\">Dimensiones<\/span><\/h5>\n[\/vc_column_text][vc_row_inner equal_height=\u00bbyes\u00bb content_placement=\u00bbtop\u00bb column_margin=\u00bbdefault\u00bb column_direction=\u00bbdefault\u00bb column_direction_tablet=\u00bbdefault\u00bb column_direction_phone=\u00bbdefault\u00bb text_align=\u00bbleft\u00bb row_position=\u00bbdefault\u00bb row_position_tablet=\u00bbinherit\u00bb row_position_phone=\u00bbinherit\u00bb overflow=\u00bbvisible\u00bb pointer_events=\u00bball\u00bb][vc_column_inner column_element_direction_desktop=\u00bbdefault\u00bb column_element_spacing=\u00bbdefault\u00bb desktop_text_alignment=\u00bbdefault\u00bb tablet_text_alignment=\u00bbdefault\u00bb phone_text_alignment=\u00bbdefault\u00bb background_color_opacity=\u00bb1&#8243; background_hover_color_opacity=\u00bb1&#8243; column_backdrop_filter=\u00bbnone\u00bb column_shadow=\u00bbnone\u00bb column_border_radius=\u00bbnone\u00bb column_link_target=\u00bb_self\u00bb overflow=\u00bbvisible\u00bb gradient_direction=\u00bbleft_to_right\u00bb overlay_strength=\u00bb0.3&#8243; width=\u00bb1\/2&#8243; tablet_width_inherit=\u00bbdefault\u00bb animation_type=\u00bbdefault\u00bb bg_image_animation=\u00bbnone\u00bb border_type=\u00bbadvanced\u00bb border_right_desktop=\u00bb1px\u00bb column_border_color=\u00bb#c6c6c6&#8243; column_border_style=\u00bbsolid\u00bb column_padding_type=\u00bbadvanced\u00bb gradient_type=\u00bbdefault\u00bb][vc_column_text]<strong>RACK HEXA SERVER<\/strong><br \/>\nExteriores 2000 x 600 x 1200 mm<br \/>\nExteriores 2100 x 600 x 1200 mm[\/vc_column_text][\/vc_column_inner][vc_column_inner column_padding=\u00bbno-extra-padding\u00bb column_padding_tablet=\u00bbinherit\u00bb column_padding_phone=\u00bbinherit\u00bb column_padding_position=\u00bball\u00bb column_element_direction_desktop=\u00bbdefault\u00bb column_element_spacing=\u00bbdefault\u00bb desktop_text_alignment=\u00bbdefault\u00bb tablet_text_alignment=\u00bbdefault\u00bb phone_text_alignment=\u00bbdefault\u00bb background_color_opacity=\u00bb1&#8243; background_hover_color_opacity=\u00bb1&#8243; column_backdrop_filter=\u00bbnone\u00bb column_shadow=\u00bbnone\u00bb column_border_radius=\u00bbnone\u00bb column_link_target=\u00bb_self\u00bb overflow=\u00bbvisible\u00bb gradient_direction=\u00bbleft_to_right\u00bb overlay_strength=\u00bb0.3&#8243; width=\u00bb1\/2&#8243; tablet_width_inherit=\u00bbdefault\u00bb animation_type=\u00bbdefault\u00bb bg_image_animation=\u00bbnone\u00bb border_type=\u00bbsimple\u00bb column_border_width=\u00bbnone\u00bb column_border_style=\u00bbsolid\u00bb][vc_column_text]\n<p class=\"p1\"><strong>Capacidad de Almacenamiento<\/strong><br \/>\n42 o 45 UR<\/p>\n[\/vc_column_text][vc_column_text]\n<p class=\"p1\"><strong>Peso Rack<\/strong><br \/>\n120 kg sin embalaje<\/p>\n[\/vc_column_text][\/vc_column_inner][\/vc_row_inner][vc_column_text]\n<h5 style=\"color: #ffffff; text-align: left;\"><span style=\"background: #0de05d; padding: 5px 10px;\">Caracter\u00edsticas<\/span><\/h5>\n[\/vc_column_text][vc_row_inner equal_height=\u00bbyes\u00bb content_placement=\u00bbtop\u00bb column_margin=\u00bbdefault\u00bb column_direction=\u00bbdefault\u00bb column_direction_tablet=\u00bbdefault\u00bb column_direction_phone=\u00bbdefault\u00bb text_align=\u00bbleft\u00bb row_position=\u00bbdefault\u00bb row_position_tablet=\u00bbinherit\u00bb row_position_phone=\u00bbinherit\u00bb overflow=\u00bbvisible\u00bb pointer_events=\u00bball\u00bb][vc_column_inner column_element_direction_desktop=\u00bbdefault\u00bb column_element_spacing=\u00bbdefault\u00bb desktop_text_alignment=\u00bbdefault\u00bb tablet_text_alignment=\u00bbdefault\u00bb phone_text_alignment=\u00bbdefault\u00bb background_color_opacity=\u00bb1&#8243; background_hover_color_opacity=\u00bb1&#8243; column_backdrop_filter=\u00bbnone\u00bb column_shadow=\u00bbnone\u00bb column_border_radius=\u00bbnone\u00bb column_link_target=\u00bb_self\u00bb overflow=\u00bbvisible\u00bb gradient_direction=\u00bbleft_to_right\u00bb overlay_strength=\u00bb0.3&#8243; width=\u00bb1\/2&#8243; tablet_width_inherit=\u00bbdefault\u00bb animation_type=\u00bbdefault\u00bb bg_image_animation=\u00bbnone\u00bb border_type=\u00bbadvanced\u00bb border_right_desktop=\u00bb1px\u00bb column_border_color=\u00bb#c6c6c6&#8243; column_border_style=\u00bbsolid\u00bb column_padding_type=\u00bbadvanced\u00bb gradient_type=\u00bbdefault\u00bb][vc_column_text]<strong>Puertas Delantera y Trasera Panal<\/strong><br \/>\nLas perforaciones hexagonales que poseen las puertas de los racks permiten una ventilaci\u00f3n del 87%. Esto, facilita una mayor extracci\u00f3n de aire del Equipamiento instalado, por lo tanto, una mayor funcionalidad a plena capacidad de \u00e9stos.[\/vc_column_text][\/vc_column_inner][vc_column_inner right_padding_desktop=\u00bb5%\u00bb column_element_direction_desktop=\u00bbdefault\u00bb column_element_spacing=\u00bbdefault\u00bb desktop_text_alignment=\u00bbdefault\u00bb tablet_text_alignment=\u00bbdefault\u00bb phone_text_alignment=\u00bbdefault\u00bb background_color_opacity=\u00bb1&#8243; background_hover_color_opacity=\u00bb1&#8243; column_backdrop_filter=\u00bbnone\u00bb column_shadow=\u00bbnone\u00bb column_border_radius=\u00bbnone\u00bb column_link_target=\u00bb_self\u00bb overflow=\u00bbvisible\u00bb gradient_direction=\u00bbleft_to_right\u00bb overlay_strength=\u00bb0.3&#8243; width=\u00bb1\/2&#8243; tablet_width_inherit=\u00bbdefault\u00bb animation_type=\u00bbdefault\u00bb bg_image_animation=\u00bbnone\u00bb border_type=\u00bbsimple\u00bb column_border_width=\u00bbnone\u00bb column_border_style=\u00bbsolid\u00bb column_padding_type=\u00bbadvanced\u00bb gradient_type=\u00bbdefault\u00bb][vc_column_text]\n<ul>\n<li>Robustez en estructura completamente soldada (Monoblock)<\/li>\n<li>Espacio \u00fatil entre rieles 452 mm<\/li>\n<li>Unidades de Rack demarcadas en los rieles<\/li>\n<li>Entrada de cables con cepillo y goma en el techo, 4 en total<\/li>\n<\/ul>\n[\/vc_column_text][\/vc_column_inner][\/vc_row_inner][divider line_type=\u00bbNo Line\u00bb custom_height=\u00bb20px\u00bb][vc_column_text]\n<h5 style=\"color: #ffffff; text-align: left;\"><span style=\"background: #0de05d; padding: 5px 10px;\">Compatibilidad<\/span><\/h5>\n[\/vc_column_text][vc_row_inner column_margin=\u00bbdefault\u00bb column_direction=\u00bbdefault\u00bb column_direction_tablet=\u00bbdefault\u00bb column_direction_phone=\u00bbdefault\u00bb text_align=\u00bbleft\u00bb row_position=\u00bbdefault\u00bb row_position_tablet=\u00bbinherit\u00bb row_position_phone=\u00bbinherit\u00bb overflow=\u00bbvisible\u00bb pointer_events=\u00bball\u00bb][vc_column_inner column_padding=\u00bbno-extra-padding\u00bb column_padding_tablet=\u00bbinherit\u00bb column_padding_phone=\u00bbinherit\u00bb column_padding_position=\u00bball\u00bb column_element_direction_desktop=\u00bbdefault\u00bb column_element_spacing=\u00bbdefault\u00bb desktop_text_alignment=\u00bbdefault\u00bb tablet_text_alignment=\u00bbdefault\u00bb phone_text_alignment=\u00bbdefault\u00bb background_color_opacity=\u00bb1&#8243; background_hover_color_opacity=\u00bb1&#8243; column_backdrop_filter=\u00bbnone\u00bb column_shadow=\u00bbnone\u00bb column_border_radius=\u00bbnone\u00bb column_link_target=\u00bb_self\u00bb overflow=\u00bbvisible\u00bb gradient_direction=\u00bbleft_to_right\u00bb overlay_strength=\u00bb0.3&#8243; width=\u00bb1\/5&#8243; tablet_width_inherit=\u00bbdefault\u00bb animation_type=\u00bbdefault\u00bb bg_image_animation=\u00bbnone\u00bb border_type=\u00bbsimple\u00bb column_border_width=\u00bbnone\u00bb column_border_style=\u00bbsolid\u00bb][image_with_animation image_url=\u00bb108&#8243; image_size=\u00bbfull\u00bb animation_type=\u00bbentrance\u00bb animation=\u00bbNone\u00bb animation_movement_type=\u00bbtransform_y\u00bb hover_animation=\u00bbnone\u00bb alignment=\u00bb\u00bb border_radius=\u00bbnone\u00bb box_shadow=\u00bbnone\u00bb image_loading=\u00bbdefault\u00bb max_width=\u00bb100%\u00bb max_width_mobile=\u00bbdefault\u00bb][\/vc_column_inner][vc_column_inner column_padding=\u00bbno-extra-padding\u00bb column_padding_tablet=\u00bbinherit\u00bb column_padding_phone=\u00bbinherit\u00bb column_padding_position=\u00bball\u00bb column_element_direction_desktop=\u00bbdefault\u00bb column_element_spacing=\u00bbdefault\u00bb desktop_text_alignment=\u00bbdefault\u00bb tablet_text_alignment=\u00bbdefault\u00bb phone_text_alignment=\u00bbdefault\u00bb background_color_opacity=\u00bb1&#8243; background_hover_color_opacity=\u00bb1&#8243; column_backdrop_filter=\u00bbnone\u00bb column_shadow=\u00bbnone\u00bb column_border_radius=\u00bbnone\u00bb column_link_target=\u00bb_self\u00bb overflow=\u00bbvisible\u00bb gradient_direction=\u00bbleft_to_right\u00bb overlay_strength=\u00bb0.3&#8243; width=\u00bb1\/5&#8243; tablet_width_inherit=\u00bbdefault\u00bb animation_type=\u00bbdefault\u00bb bg_image_animation=\u00bbnone\u00bb border_type=\u00bbsimple\u00bb column_border_width=\u00bbnone\u00bb column_border_style=\u00bbsolid\u00bb][image_with_animation image_url=\u00bb107&#8243; image_size=\u00bbfull\u00bb animation_type=\u00bbentrance\u00bb animation=\u00bbNone\u00bb animation_movement_type=\u00bbtransform_y\u00bb hover_animation=\u00bbnone\u00bb alignment=\u00bb\u00bb border_radius=\u00bbnone\u00bb box_shadow=\u00bbnone\u00bb image_loading=\u00bbdefault\u00bb max_width=\u00bb100%\u00bb max_width_mobile=\u00bbdefault\u00bb][\/vc_column_inner][vc_column_inner column_padding=\u00bbno-extra-padding\u00bb column_padding_tablet=\u00bbinherit\u00bb column_padding_phone=\u00bbinherit\u00bb column_padding_position=\u00bball\u00bb column_element_direction_desktop=\u00bbdefault\u00bb column_element_spacing=\u00bbdefault\u00bb desktop_text_alignment=\u00bbdefault\u00bb tablet_text_alignment=\u00bbdefault\u00bb phone_text_alignment=\u00bbdefault\u00bb background_color_opacity=\u00bb1&#8243; background_hover_color_opacity=\u00bb1&#8243; column_backdrop_filter=\u00bbnone\u00bb column_shadow=\u00bbnone\u00bb column_border_radius=\u00bbnone\u00bb column_link_target=\u00bb_self\u00bb overflow=\u00bbvisible\u00bb gradient_direction=\u00bbleft_to_right\u00bb overlay_strength=\u00bb0.3&#8243; width=\u00bb1\/5&#8243; tablet_width_inherit=\u00bbdefault\u00bb animation_type=\u00bbdefault\u00bb bg_image_animation=\u00bbnone\u00bb border_type=\u00bbsimple\u00bb column_border_width=\u00bbnone\u00bb column_border_style=\u00bbsolid\u00bb][\/vc_column_inner][vc_column_inner column_padding=\u00bbno-extra-padding\u00bb column_padding_tablet=\u00bbinherit\u00bb column_padding_phone=\u00bbinherit\u00bb column_padding_position=\u00bball\u00bb column_element_direction_desktop=\u00bbdefault\u00bb column_element_spacing=\u00bbdefault\u00bb desktop_text_alignment=\u00bbdefault\u00bb tablet_text_alignment=\u00bbdefault\u00bb phone_text_alignment=\u00bbdefault\u00bb background_color_opacity=\u00bb1&#8243; background_hover_color_opacity=\u00bb1&#8243; column_backdrop_filter=\u00bbnone\u00bb column_shadow=\u00bbnone\u00bb column_border_radius=\u00bbnone\u00bb column_link_target=\u00bb_self\u00bb overflow=\u00bbvisible\u00bb gradient_direction=\u00bbleft_to_right\u00bb overlay_strength=\u00bb0.3&#8243; width=\u00bb1\/5&#8243; tablet_width_inherit=\u00bbdefault\u00bb animation_type=\u00bbdefault\u00bb bg_image_animation=\u00bbnone\u00bb border_type=\u00bbsimple\u00bb column_border_width=\u00bbnone\u00bb column_border_style=\u00bbsolid\u00bb][\/vc_column_inner][vc_column_inner column_padding=\u00bbno-extra-padding\u00bb column_padding_tablet=\u00bbinherit\u00bb column_padding_phone=\u00bbinherit\u00bb column_padding_position=\u00bball\u00bb column_element_direction_desktop=\u00bbdefault\u00bb column_element_spacing=\u00bbdefault\u00bb desktop_text_alignment=\u00bbdefault\u00bb tablet_text_alignment=\u00bbdefault\u00bb phone_text_alignment=\u00bbdefault\u00bb background_color_opacity=\u00bb1&#8243; background_hover_color_opacity=\u00bb1&#8243; column_backdrop_filter=\u00bbnone\u00bb column_shadow=\u00bbnone\u00bb column_border_radius=\u00bbnone\u00bb column_link_target=\u00bb_self\u00bb overflow=\u00bbvisible\u00bb gradient_direction=\u00bbleft_to_right\u00bb overlay_strength=\u00bb0.3&#8243; width=\u00bb1\/5&#8243; tablet_width_inherit=\u00bbdefault\u00bb animation_type=\u00bbdefault\u00bb bg_image_animation=\u00bbnone\u00bb border_type=\u00bbsimple\u00bb column_border_width=\u00bbnone\u00bb column_border_style=\u00bbsolid\u00bb][\/vc_column_inner][\/vc_row_inner][divider line_type=\u00bbNo Line\u00bb custom_height=\u00bb60px\u00bb][nectar_btn size=\u00bblarge\u00bb button_style=\u00bbregular\u00bb button_color_2=\u00bbAccent-Color\u00bb icon_family=\u00bbnone\u00bb text=\u00bbFicha T\u00e9cnica\u00bb url=\u00bbhttps:\/\/www.morex.cl\/\/wp-content\/uploads\/2023\/07\/Ficha-Tecnica-Rack-Hexa-Server-Communication-2022.pdf\u00bb][\/vc_column][vc_column column_padding=\u00bbno-extra-padding\u00bb column_padding_tablet=\u00bbinherit\u00bb column_padding_phone=\u00bbinherit\u00bb column_padding_position=\u00bball\u00bb column_element_direction_desktop=\u00bbdefault\u00bb column_element_spacing=\u00bbdefault\u00bb desktop_text_alignment=\u00bbdefault\u00bb tablet_text_alignment=\u00bbdefault\u00bb phone_text_alignment=\u00bbdefault\u00bb background_color_opacity=\u00bb1&#8243; background_hover_color_opacity=\u00bb1&#8243; column_backdrop_filter=\u00bbnone\u00bb column_shadow=\u00bbnone\u00bb column_border_radius=\u00bbnone\u00bb column_link_target=\u00bb_self\u00bb column_position=\u00bbdefault\u00bb gradient_direction=\u00bbleft_to_right\u00bb overlay_strength=\u00bb0.3&#8243; width=\u00bb1\/3&#8243; tablet_width_inherit=\u00bbdefault\u00bb animation_type=\u00bbdefault\u00bb bg_image_animation=\u00bbnone\u00bb border_type=\u00bbsimple\u00bb column_border_width=\u00bbnone\u00bb column_border_style=\u00bbsolid\u00bb][image_with_animation image_url=\u00bb101&#8243; image_size=\u00bbfull\u00bb animation_type=\u00bbentrance\u00bb animation=\u00bbNone\u00bb animation_movement_type=\u00bbtransform_y\u00bb hover_animation=\u00bbnone\u00bb alignment=\u00bb\u00bb border_radius=\u00bbnone\u00bb box_shadow=\u00bbnone\u00bb image_loading=\u00bbdefault\u00bb max_width=\u00bb100%\u00bb max_width_mobile=\u00bbdefault\u00bb][\/vc_column][\/vc_row]\n","protected":false},"excerpt":{"rendered":"<p class=\"p1\"><strong>ESTANDARICE SUS INSTALACIONES CON NUESTRO RACK <span class=\"s1\">DE <\/span>19\u201d <span class=\"s1\">DE <\/span>42 <span class=\"s1\">\u00d3 <\/span>45 UR<\/strong><\/p>\n<p class=\"p1\">Este gabinete ha sido fabricado para alojar sistemas de conectividad vers\u00e1tiles, donde se requiere buena circulaci\u00f3n de aire, robustez de construcci\u00f3n y capacidad de manejo de cableado interno. Su estructura completamente reforzada, o monoblock, permite soportar hasta 800 kg optimizando espacios de comunicaciones, todo esto, considerando que posee 42 o 45 UR y la administraci\u00f3n de cables puede efectuarse por la parte superior e inferior del gabinete.<\/p>\n<p><a class=\"nectar-button large regular extra-color-1 regular-button\" style=\"visibility: visible;\" href=\"#descripcion\" data-color-override=\"false\" data-hover-color-override=\"false\" data-hover-text-color-override=\"#fff\">Conocer M\u00e1s<\/a><\/p>\n","protected":false},"featured_media":104,"comment_status":"closed","ping_status":"closed","template":"","meta":[],"product_brand":[],"product_cat":[40],"product_tag":[],"class_list":{"0":"post-98","1":"product","2":"type-product","3":"status-publish","4":"has-post-thumbnail","6":"product_cat-gabinetes-de-19","8":"first","9":"instock","10":"shipping-taxable","11":"purchasable","12":"product-type-variable"},"yoast_head":"<!-- This site is optimized with the Yoast SEO plugin v27.4 - https:\/\/yoast.com\/product\/yoast-seo-wordpress\/ -->\n<title>Rack Hexa Server - Morex<\/title>\n<meta name=\"robots\" content=\"index, follow, max-snippet:-1, max-image-preview:large, max-video-preview:-1\" \/>\n<link rel=\"canonical\" href=\"https:\/\/www.morex.cl\/redes\/producto\/rack-hexa-server\/\" \/>\n<meta property=\"og:locale\" content=\"es_ES\" \/>\n<meta property=\"og:type\" content=\"article\" \/>\n<meta property=\"og:title\" content=\"Rack Hexa Server - Morex\" \/>\n<meta property=\"og:description\" content=\"ESTANDARICE SUS INSTALACIONES CON NUESTRO RACK DE 19\u201d DE 42 \u00d3 45 UR Este gabinete ha sido fabricado para alojar sistemas de conectividad vers\u00e1tiles, donde se requiere buena circulaci\u00f3n de aire, robustez de construcci\u00f3n y capacidad de manejo de cableado interno. Su estructura completamente reforzada, o monoblock, permite soportar hasta 800 kg optimizando espacios de comunicaciones, todo esto, considerando que posee 42 o 45 UR y la administraci\u00f3n de cables puede efectuarse por la parte superior e inferior del gabinete. Conocer M\u00e1s\" \/>\n<meta property=\"og:url\" content=\"https:\/\/www.morex.cl\/redes\/producto\/rack-hexa-server\/\" \/>\n<meta property=\"og:site_name\" content=\"Morex\" \/>\n<meta property=\"article:modified_time\" content=\"2023-11-13T12:23:05+00:00\" \/>\n<meta property=\"og:image\" content=\"https:\/\/www.morex.cl\/redes\/wp-content\/uploads\/2023\/07\/rack-hexa-server1.png\" \/>\n\t<meta property=\"og:image:width\" content=\"1000\" \/>\n\t<meta property=\"og:image:height\" content=\"1040\" \/>\n\t<meta property=\"og:image:type\" content=\"image\/png\" \/>\n<meta name=\"twitter:card\" content=\"summary_large_image\" \/>\n<meta name=\"twitter:label1\" content=\"Tiempo de lectura\" \/>\n\t<meta name=\"twitter:data1\" content=\"8 minutos\" \/>\n<script type=\"application\/ld+json\" class=\"yoast-schema-graph\">{\"@context\":\"https:\\\/\\\/schema.org\",\"@graph\":[{\"@type\":\"WebPage\",\"@id\":\"https:\\\/\\\/www.morex.cl\\\/redes\\\/producto\\\/rack-hexa-server\\\/\",\"url\":\"https:\\\/\\\/www.morex.cl\\\/redes\\\/producto\\\/rack-hexa-server\\\/\",\"name\":\"Rack Hexa Server - Morex\",\"isPartOf\":{\"@id\":\"https:\\\/\\\/www.morex.cl\\\/redes\\\/#website\"},\"primaryImageOfPage\":{\"@id\":\"https:\\\/\\\/www.morex.cl\\\/redes\\\/producto\\\/rack-hexa-server\\\/#primaryimage\"},\"image\":{\"@id\":\"https:\\\/\\\/www.morex.cl\\\/redes\\\/producto\\\/rack-hexa-server\\\/#primaryimage\"},\"thumbnailUrl\":\"https:\\\/\\\/www.morex.cl\\\/redes\\\/wp-content\\\/uploads\\\/2023\\\/07\\\/rack-hexa-server1.png\",\"datePublished\":\"2023-07-10T20:03:17+00:00\",\"dateModified\":\"2023-11-13T12:23:05+00:00\",\"breadcrumb\":{\"@id\":\"https:\\\/\\\/www.morex.cl\\\/redes\\\/producto\\\/rack-hexa-server\\\/#breadcrumb\"},\"inLanguage\":\"es\",\"potentialAction\":[{\"@type\":\"ReadAction\",\"target\":[\"https:\\\/\\\/www.morex.cl\\\/redes\\\/producto\\\/rack-hexa-server\\\/\"]}]},{\"@type\":\"ImageObject\",\"inLanguage\":\"es\",\"@id\":\"https:\\\/\\\/www.morex.cl\\\/redes\\\/producto\\\/rack-hexa-server\\\/#primaryimage\",\"url\":\"https:\\\/\\\/www.morex.cl\\\/redes\\\/wp-content\\\/uploads\\\/2023\\\/07\\\/rack-hexa-server1.png\",\"contentUrl\":\"https:\\\/\\\/www.morex.cl\\\/redes\\\/wp-content\\\/uploads\\\/2023\\\/07\\\/rack-hexa-server1.png\",\"width\":1000,\"height\":1040},{\"@type\":\"BreadcrumbList\",\"@id\":\"https:\\\/\\\/www.morex.cl\\\/redes\\\/producto\\\/rack-hexa-server\\\/#breadcrumb\",\"itemListElement\":[{\"@type\":\"ListItem\",\"position\":1,\"name\":\"Portada\",\"item\":\"https:\\\/\\\/www.morex.cl\\\/redes\\\/\"},{\"@type\":\"ListItem\",\"position\":2,\"name\":\"Tienda\",\"item\":\"https:\\\/\\\/www.morex.cl\\\/redes\\\/tienda\\\/\"},{\"@type\":\"ListItem\",\"position\":3,\"name\":\"Rack Hexa Server\"}]},{\"@type\":\"WebSite\",\"@id\":\"https:\\\/\\\/www.morex.cl\\\/redes\\\/#website\",\"url\":\"https:\\\/\\\/www.morex.cl\\\/redes\\\/\",\"name\":\"Morex\",\"description\":\"Servicios Metalmec\u00e1nicos\",\"potentialAction\":[{\"@type\":\"SearchAction\",\"target\":{\"@type\":\"EntryPoint\",\"urlTemplate\":\"https:\\\/\\\/www.morex.cl\\\/redes\\\/?s={search_term_string}\"},\"query-input\":{\"@type\":\"PropertyValueSpecification\",\"valueRequired\":true,\"valueName\":\"search_term_string\"}}],\"inLanguage\":\"es\"}]}<\/script>\n<!-- \/ Yoast SEO plugin. -->","yoast_head_json":{"title":"Rack Hexa Server - Morex","robots":{"index":"index","follow":"follow","max-snippet":"max-snippet:-1","max-image-preview":"max-image-preview:large","max-video-preview":"max-video-preview:-1"},"canonical":"https:\/\/www.morex.cl\/redes\/producto\/rack-hexa-server\/","og_locale":"es_ES","og_type":"article","og_title":"Rack Hexa Server - Morex","og_description":"ESTANDARICE SUS INSTALACIONES CON NUESTRO RACK DE 19\u201d DE 42 \u00d3 45 UR Este gabinete ha sido fabricado para alojar sistemas de conectividad vers\u00e1tiles, donde se requiere buena circulaci\u00f3n de aire, robustez de construcci\u00f3n y capacidad de manejo de cableado interno. Su estructura completamente reforzada, o monoblock, permite soportar hasta 800 kg optimizando espacios de comunicaciones, todo esto, considerando que posee 42 o 45 UR y la administraci\u00f3n de cables puede efectuarse por la parte superior e inferior del gabinete. Conocer M\u00e1s","og_url":"https:\/\/www.morex.cl\/redes\/producto\/rack-hexa-server\/","og_site_name":"Morex","article_modified_time":"2023-11-13T12:23:05+00:00","og_image":[{"width":1000,"height":1040,"url":"https:\/\/www.morex.cl\/redes\/wp-content\/uploads\/2023\/07\/rack-hexa-server1.png","type":"image\/png"}],"twitter_card":"summary_large_image","twitter_misc":{"Tiempo de lectura":"8 minutos"},"schema":{"@context":"https:\/\/schema.org","@graph":[{"@type":"WebPage","@id":"https:\/\/www.morex.cl\/redes\/producto\/rack-hexa-server\/","url":"https:\/\/www.morex.cl\/redes\/producto\/rack-hexa-server\/","name":"Rack Hexa Server - Morex","isPartOf":{"@id":"https:\/\/www.morex.cl\/redes\/#website"},"primaryImageOfPage":{"@id":"https:\/\/www.morex.cl\/redes\/producto\/rack-hexa-server\/#primaryimage"},"image":{"@id":"https:\/\/www.morex.cl\/redes\/producto\/rack-hexa-server\/#primaryimage"},"thumbnailUrl":"https:\/\/www.morex.cl\/redes\/wp-content\/uploads\/2023\/07\/rack-hexa-server1.png","datePublished":"2023-07-10T20:03:17+00:00","dateModified":"2023-11-13T12:23:05+00:00","breadcrumb":{"@id":"https:\/\/www.morex.cl\/redes\/producto\/rack-hexa-server\/#breadcrumb"},"inLanguage":"es","potentialAction":[{"@type":"ReadAction","target":["https:\/\/www.morex.cl\/redes\/producto\/rack-hexa-server\/"]}]},{"@type":"ImageObject","inLanguage":"es","@id":"https:\/\/www.morex.cl\/redes\/producto\/rack-hexa-server\/#primaryimage","url":"https:\/\/www.morex.cl\/redes\/wp-content\/uploads\/2023\/07\/rack-hexa-server1.png","contentUrl":"https:\/\/www.morex.cl\/redes\/wp-content\/uploads\/2023\/07\/rack-hexa-server1.png","width":1000,"height":1040},{"@type":"BreadcrumbList","@id":"https:\/\/www.morex.cl\/redes\/producto\/rack-hexa-server\/#breadcrumb","itemListElement":[{"@type":"ListItem","position":1,"name":"Portada","item":"https:\/\/www.morex.cl\/redes\/"},{"@type":"ListItem","position":2,"name":"Tienda","item":"https:\/\/www.morex.cl\/redes\/tienda\/"},{"@type":"ListItem","position":3,"name":"Rack Hexa Server"}]},{"@type":"WebSite","@id":"https:\/\/www.morex.cl\/redes\/#website","url":"https:\/\/www.morex.cl\/redes\/","name":"Morex","description":"Servicios Metalmec\u00e1nicos","potentialAction":[{"@type":"SearchAction","target":{"@type":"EntryPoint","urlTemplate":"https:\/\/www.morex.cl\/redes\/?s={search_term_string}"},"query-input":{"@type":"PropertyValueSpecification","valueRequired":true,"valueName":"search_term_string"}}],"inLanguage":"es"}]}},"_links":{"self":[{"href":"https:\/\/www.morex.cl\/redes\/wp-json\/wp\/v2\/product\/98","targetHints":{"allow":["GET"]}}],"collection":[{"href":"https:\/\/www.morex.cl\/redes\/wp-json\/wp\/v2\/product"}],"about":[{"href":"https:\/\/www.morex.cl\/redes\/wp-json\/wp\/v2\/types\/product"}],"replies":[{"embeddable":true,"href":"https:\/\/www.morex.cl\/redes\/wp-json\/wp\/v2\/comments?post=98"}],"wp:featuredmedia":[{"embeddable":true,"href":"https:\/\/www.morex.cl\/redes\/wp-json\/wp\/v2\/media\/104"}],"wp:attachment":[{"href":"https:\/\/www.morex.cl\/redes\/wp-json\/wp\/v2\/media?parent=98"}],"wp:term":[{"taxonomy":"product_brand","embeddable":true,"href":"https:\/\/www.morex.cl\/redes\/wp-json\/wp\/v2\/product_brand?post=98"},{"taxonomy":"product_cat","embeddable":true,"href":"https:\/\/www.morex.cl\/redes\/wp-json\/wp\/v2\/product_cat?post=98"},{"taxonomy":"product_tag","embeddable":true,"href":"https:\/\/www.morex.cl\/redes\/wp-json\/wp\/v2\/product_tag?post=98"}],"curies":[{"name":"wp","href":"https:\/\/api.w.org\/{rel}","templated":true}]}}