{"id":114,"date":"2023-07-11T14:17:11","date_gmt":"2023-07-11T17:17:11","guid":{"rendered":"https:\/\/www.morex.cl\/\/?post_type=product&#038;p=114"},"modified":"2023-11-17T10:25:19","modified_gmt":"2023-11-17T13:25:19","slug":"caja-pau-embutida","status":"publish","type":"product","link":"https:\/\/www.morex.cl\/redes\/producto\/caja-pau-embutida\/","title":{"rendered":"Caja Pau Embutida"},"content":{"rendered":"","protected":false},"excerpt":{"rendered":"<p class=\"p1\"><b><span class=\"Apple-converted-space\">\u00a0<\/span><\/b><b>CAJA MET\u00c1LICA DE TERMINACI\u00d3N DE RED<span class=\"Apple-converted-space\">\u00a0<\/span><\/b><\/p>\n<p class=\"p2\">Fabricadas acorde a la Norma T\u00e9cnica de Ley 20.808 de la Subsecretar\u00eda de Telecomunicaciones SUBTEL.<\/p>\n<p class=\"p2\">Caja met\u00e1lica para embutir, fabricada en acero SAE1010 y recubierto con pintura termo convertible ep\u00f3xica. Fabricado seg\u00fan las dispocisiones de la Norma T\u00e9cnica de la ley 20.808 de la Subsecretar\u00eda de Telecomunicaciones SUBTEL.<span class=\"Apple-converted-space\">\u00a0<\/span><\/p>\n<p><a class=\"nectar-button large regular extra-color-1 regular-button\" style=\"visibility: visible;\" href=\"https:\/\/www.morex.cl\/\/wp-content\/uploads\/2023\/07\/FICHA-CAJA-PAU-EMBUTIDA.pdf\" data-color-override=\"false\" data-hover-color-override=\"false\" data-hover-text-color-override=\"#fff\">Ficha T\u00e9cnica<\/a><\/p>\n","protected":false},"featured_media":127,"comment_status":"closed","ping_status":"closed","template":"","meta":[],"product_brand":[],"product_cat":[39],"product_tag":[],"class_list":{"0":"post-114","1":"product","2":"type-product","3":"status-publish","4":"has-post-thumbnail","6":"product_cat-ley-de-ductos","8":"first","9":"instock","10":"shipping-taxable","11":"purchasable","12":"product-type-variable"},"yoast_head":"<!-- This site is optimized with the Yoast SEO plugin v27.3 - https:\/\/yoast.com\/product\/yoast-seo-wordpress\/ -->\n<title>Caja Pau Embutida - Morex<\/title>\n<meta name=\"robots\" content=\"index, follow, max-snippet:-1, max-image-preview:large, max-video-preview:-1\" \/>\n<link rel=\"canonical\" href=\"https:\/\/www.morex.cl\/redes\/producto\/caja-pau-embutida\/\" \/>\n<meta property=\"og:locale\" content=\"es_ES\" \/>\n<meta property=\"og:type\" content=\"article\" \/>\n<meta property=\"og:title\" content=\"Caja Pau Embutida - Morex\" \/>\n<meta property=\"og:description\" content=\"\u00a0CAJA MET\u00c1LICA DE TERMINACI\u00d3N DE RED\u00a0 Fabricadas acorde a la Norma T\u00e9cnica de Ley 20.808 de la Subsecretar\u00eda de Telecomunicaciones SUBTEL. Caja met\u00e1lica para embutir, fabricada en acero SAE1010 y recubierto con pintura termo convertible ep\u00f3xica. Fabricado seg\u00fan las dispocisiones de la Norma T\u00e9cnica de la ley 20.808 de la Subsecretar\u00eda de Telecomunicaciones SUBTEL.\u00a0 Ficha T\u00e9cnica\" \/>\n<meta property=\"og:url\" content=\"https:\/\/www.morex.cl\/redes\/producto\/caja-pau-embutida\/\" \/>\n<meta property=\"og:site_name\" content=\"Morex\" \/>\n<meta property=\"article:modified_time\" content=\"2023-11-17T13:25:19+00:00\" \/>\n<meta property=\"og:image\" content=\"https:\/\/www.morex.cl\/redes\/wp-content\/uploads\/2023\/07\/embutida.jpg\" \/>\n\t<meta property=\"og:image:width\" content=\"1000\" \/>\n\t<meta property=\"og:image:height\" content=\"1040\" \/>\n\t<meta property=\"og:image:type\" content=\"image\/jpeg\" \/>\n<meta name=\"twitter:card\" content=\"summary_large_image\" \/>\n<script type=\"application\/ld+json\" class=\"yoast-schema-graph\">{\"@context\":\"https:\\\/\\\/schema.org\",\"@graph\":[{\"@type\":\"WebPage\",\"@id\":\"https:\\\/\\\/www.morex.cl\\\/redes\\\/producto\\\/caja-pau-embutida\\\/\",\"url\":\"https:\\\/\\\/www.morex.cl\\\/redes\\\/producto\\\/caja-pau-embutida\\\/\",\"name\":\"Caja Pau Embutida - Morex\",\"isPartOf\":{\"@id\":\"https:\\\/\\\/www.morex.cl\\\/redes\\\/#website\"},\"primaryImageOfPage\":{\"@id\":\"https:\\\/\\\/www.morex.cl\\\/redes\\\/producto\\\/caja-pau-embutida\\\/#primaryimage\"},\"image\":{\"@id\":\"https:\\\/\\\/www.morex.cl\\\/redes\\\/producto\\\/caja-pau-embutida\\\/#primaryimage\"},\"thumbnailUrl\":\"https:\\\/\\\/www.morex.cl\\\/redes\\\/wp-content\\\/uploads\\\/2023\\\/07\\\/embutida.jpg\",\"datePublished\":\"2023-07-11T17:17:11+00:00\",\"dateModified\":\"2023-11-17T13:25:19+00:00\",\"breadcrumb\":{\"@id\":\"https:\\\/\\\/www.morex.cl\\\/redes\\\/producto\\\/caja-pau-embutida\\\/#breadcrumb\"},\"inLanguage\":\"es\",\"potentialAction\":[{\"@type\":\"ReadAction\",\"target\":[\"https:\\\/\\\/www.morex.cl\\\/redes\\\/producto\\\/caja-pau-embutida\\\/\"]}]},{\"@type\":\"ImageObject\",\"inLanguage\":\"es\",\"@id\":\"https:\\\/\\\/www.morex.cl\\\/redes\\\/producto\\\/caja-pau-embutida\\\/#primaryimage\",\"url\":\"https:\\\/\\\/www.morex.cl\\\/redes\\\/wp-content\\\/uploads\\\/2023\\\/07\\\/embutida.jpg\",\"contentUrl\":\"https:\\\/\\\/www.morex.cl\\\/redes\\\/wp-content\\\/uploads\\\/2023\\\/07\\\/embutida.jpg\",\"width\":1000,\"height\":1040},{\"@type\":\"BreadcrumbList\",\"@id\":\"https:\\\/\\\/www.morex.cl\\\/redes\\\/producto\\\/caja-pau-embutida\\\/#breadcrumb\",\"itemListElement\":[{\"@type\":\"ListItem\",\"position\":1,\"name\":\"Portada\",\"item\":\"https:\\\/\\\/www.morex.cl\\\/redes\\\/\"},{\"@type\":\"ListItem\",\"position\":2,\"name\":\"Tienda\",\"item\":\"https:\\\/\\\/www.morex.cl\\\/redes\\\/tienda\\\/\"},{\"@type\":\"ListItem\",\"position\":3,\"name\":\"Caja Pau Embutida\"}]},{\"@type\":\"WebSite\",\"@id\":\"https:\\\/\\\/www.morex.cl\\\/redes\\\/#website\",\"url\":\"https:\\\/\\\/www.morex.cl\\\/redes\\\/\",\"name\":\"Morex\",\"description\":\"Servicios Metalmec\u00e1nicos\",\"potentialAction\":[{\"@type\":\"SearchAction\",\"target\":{\"@type\":\"EntryPoint\",\"urlTemplate\":\"https:\\\/\\\/www.morex.cl\\\/redes\\\/?s={search_term_string}\"},\"query-input\":{\"@type\":\"PropertyValueSpecification\",\"valueRequired\":true,\"valueName\":\"search_term_string\"}}],\"inLanguage\":\"es\"}]}<\/script>\n<!-- \/ Yoast SEO plugin. -->","yoast_head_json":{"title":"Caja Pau Embutida - Morex","robots":{"index":"index","follow":"follow","max-snippet":"max-snippet:-1","max-image-preview":"max-image-preview:large","max-video-preview":"max-video-preview:-1"},"canonical":"https:\/\/www.morex.cl\/redes\/producto\/caja-pau-embutida\/","og_locale":"es_ES","og_type":"article","og_title":"Caja Pau Embutida - Morex","og_description":"\u00a0CAJA MET\u00c1LICA DE TERMINACI\u00d3N DE RED\u00a0 Fabricadas acorde a la Norma T\u00e9cnica de Ley 20.808 de la Subsecretar\u00eda de Telecomunicaciones SUBTEL. Caja met\u00e1lica para embutir, fabricada en acero SAE1010 y recubierto con pintura termo convertible ep\u00f3xica. Fabricado seg\u00fan las dispocisiones de la Norma T\u00e9cnica de la ley 20.808 de la Subsecretar\u00eda de Telecomunicaciones SUBTEL.\u00a0 Ficha T\u00e9cnica","og_url":"https:\/\/www.morex.cl\/redes\/producto\/caja-pau-embutida\/","og_site_name":"Morex","article_modified_time":"2023-11-17T13:25:19+00:00","og_image":[{"width":1000,"height":1040,"url":"https:\/\/www.morex.cl\/redes\/wp-content\/uploads\/2023\/07\/embutida.jpg","type":"image\/jpeg"}],"twitter_card":"summary_large_image","schema":{"@context":"https:\/\/schema.org","@graph":[{"@type":"WebPage","@id":"https:\/\/www.morex.cl\/redes\/producto\/caja-pau-embutida\/","url":"https:\/\/www.morex.cl\/redes\/producto\/caja-pau-embutida\/","name":"Caja Pau Embutida - Morex","isPartOf":{"@id":"https:\/\/www.morex.cl\/redes\/#website"},"primaryImageOfPage":{"@id":"https:\/\/www.morex.cl\/redes\/producto\/caja-pau-embutida\/#primaryimage"},"image":{"@id":"https:\/\/www.morex.cl\/redes\/producto\/caja-pau-embutida\/#primaryimage"},"thumbnailUrl":"https:\/\/www.morex.cl\/redes\/wp-content\/uploads\/2023\/07\/embutida.jpg","datePublished":"2023-07-11T17:17:11+00:00","dateModified":"2023-11-17T13:25:19+00:00","breadcrumb":{"@id":"https:\/\/www.morex.cl\/redes\/producto\/caja-pau-embutida\/#breadcrumb"},"inLanguage":"es","potentialAction":[{"@type":"ReadAction","target":["https:\/\/www.morex.cl\/redes\/producto\/caja-pau-embutida\/"]}]},{"@type":"ImageObject","inLanguage":"es","@id":"https:\/\/www.morex.cl\/redes\/producto\/caja-pau-embutida\/#primaryimage","url":"https:\/\/www.morex.cl\/redes\/wp-content\/uploads\/2023\/07\/embutida.jpg","contentUrl":"https:\/\/www.morex.cl\/redes\/wp-content\/uploads\/2023\/07\/embutida.jpg","width":1000,"height":1040},{"@type":"BreadcrumbList","@id":"https:\/\/www.morex.cl\/redes\/producto\/caja-pau-embutida\/#breadcrumb","itemListElement":[{"@type":"ListItem","position":1,"name":"Portada","item":"https:\/\/www.morex.cl\/redes\/"},{"@type":"ListItem","position":2,"name":"Tienda","item":"https:\/\/www.morex.cl\/redes\/tienda\/"},{"@type":"ListItem","position":3,"name":"Caja Pau Embutida"}]},{"@type":"WebSite","@id":"https:\/\/www.morex.cl\/redes\/#website","url":"https:\/\/www.morex.cl\/redes\/","name":"Morex","description":"Servicios Metalmec\u00e1nicos","potentialAction":[{"@type":"SearchAction","target":{"@type":"EntryPoint","urlTemplate":"https:\/\/www.morex.cl\/redes\/?s={search_term_string}"},"query-input":{"@type":"PropertyValueSpecification","valueRequired":true,"valueName":"search_term_string"}}],"inLanguage":"es"}]}},"_links":{"self":[{"href":"https:\/\/www.morex.cl\/redes\/wp-json\/wp\/v2\/product\/114","targetHints":{"allow":["GET"]}}],"collection":[{"href":"https:\/\/www.morex.cl\/redes\/wp-json\/wp\/v2\/product"}],"about":[{"href":"https:\/\/www.morex.cl\/redes\/wp-json\/wp\/v2\/types\/product"}],"replies":[{"embeddable":true,"href":"https:\/\/www.morex.cl\/redes\/wp-json\/wp\/v2\/comments?post=114"}],"wp:featuredmedia":[{"embeddable":true,"href":"https:\/\/www.morex.cl\/redes\/wp-json\/wp\/v2\/media\/127"}],"wp:attachment":[{"href":"https:\/\/www.morex.cl\/redes\/wp-json\/wp\/v2\/media?parent=114"}],"wp:term":[{"taxonomy":"product_brand","embeddable":true,"href":"https:\/\/www.morex.cl\/redes\/wp-json\/wp\/v2\/product_brand?post=114"},{"taxonomy":"product_cat","embeddable":true,"href":"https:\/\/www.morex.cl\/redes\/wp-json\/wp\/v2\/product_cat?post=114"},{"taxonomy":"product_tag","embeddable":true,"href":"https:\/\/www.morex.cl\/redes\/wp-json\/wp\/v2\/product_tag?post=114"}],"curies":[{"name":"wp","href":"https:\/\/api.w.org\/{rel}","templated":true}]}}